{"id":651,"date":"2020-04-27T11:18:37","date_gmt":"2020-04-27T16:18:37","guid":{"rendered":"http:\/\/138.91.165.210\/?page_id=651"},"modified":"2024-03-12T09:00:40","modified_gmt":"2024-03-12T14:00:40","slug":"el-minuto-de-dios","status":"publish","type":"page","link":"https:\/\/www.eudistasmd.org\/index.php\/el-minuto-de-dios\/","title":{"rendered":"El Minuto de Dios"},"content":{"rendered":"<p>[et_pb_section fb_built=\u00bb1&#8243; _builder_version=\u00bb4.16&#8243; background_color=\u00bb#ffffff\u00bb background_image=\u00bbhttps:\/\/www.eudistasmd.org\/wp-content\/uploads\/2020\/04\/vivienda-digna-2.jpg\u00bb parallax=\u00bbon\u00bb min_height=\u00bb983px\u00bb custom_margin=\u00bb||50px||false|false\u00bb custom_padding=\u00bb||150px|||\u00bb bottom_divider_style=\u00bbramp2&#8243; bottom_divider_color=\u00bb#ffffff\u00bb bottom_divider_height=\u00bb204px\u00bb bottom_divider_repeat=\u00bb0x\u00bb locked=\u00bboff\u00bb global_colors_info=\u00bb{}\u00bb][et_pb_row _builder_version=\u00bb4.16&#8243; background_color=\u00bbrgba(224,43,32,0.64)\u00bb width=\u00bb40%\u00bb module_alignment=\u00bbright\u00bb custom_margin=\u00bb480px||||false|false\u00bb custom_padding=\u00bb|90px|||false|false\u00bb border_width_bottom=\u00bb4px\u00bb border_color_bottom=\u00bbrgba(0,0,0,0.21)\u00bb global_colors_info=\u00bb{}\u00bb][et_pb_column type=\u00bb4_4&#8243; _builder_version=\u00bb4.16&#8243; global_colors_info=\u00bb{}\u00bb][et_pb_text _builder_version=\u00bb4.16&#8243; text_font=\u00bb|600|||||||\u00bb text_text_color=\u00bb#ffffff\u00bb text_font_size=\u00bb40px\u00bb text_orientation=\u00bbcenter\u00bb custom_padding=\u00bb|||4px|false|false\u00bb global_colors_info=\u00bb{}\u00bb]<\/p>\n<h1><span style=\"color: #ffffff;\"><strong>El Minuto de Dios<\/strong><\/span><\/h1>\n<p>[\/et_pb_text][\/et_pb_column][\/et_pb_row][\/et_pb_section][et_pb_section fb_built=\u00bb1&#8243; _builder_version=\u00bb4.16&#8243; min_height=\u00bb189px\u00bb custom_padding=\u00bb89px||0px|||\u00bb global_colors_info=\u00bb{}\u00bb][et_pb_row _builder_version=\u00bb4.16&#8243; custom_margin=\u00bb-89px|auto||auto||\u00bb global_colors_info=\u00bb{}\u00bb][et_pb_column type=\u00bb4_4&#8243; _builder_version=\u00bb4.16&#8243; global_colors_info=\u00bb{}\u00bb][et_pb_text _builder_version=\u00bb4.16&#8243; text_font_size=\u00bb17px\u00bb text_orientation=\u00bbjustified\u00bb global_colors_info=\u00bb{}\u00bb]<\/p>\n<p>El Minuto de Dios es una organizaci\u00f3n Cat\u00f3lica, sin \u00e1nimo de lucro, iniciada por el padre Rafael Garc\u00eda-Herreros a mediados del siglo XX en Colombia a partir de un breve programa radial y televisi\u00f3n, \u201cEl Minuto de Dios\u201d. El Minuto de Dios est\u00e1 comprometido en el Desarrollo Integral Sostenible de personas, comunidades y territorios, especialmente en: vivienda para familias pobres, educaci\u00f3n (b\u00e1sica, media, t\u00e9cnica y superior), organizaci\u00f3n comunitaria, atenci\u00f3n a afectados por desastres naturales, apoyo a campesinos, capacitaci\u00f3n para el trabajo, microcr\u00e9ditos, apoyo a emprendimientos, biotecnolog\u00edas, cuidado del medio ambiente y evangelizaci\u00f3n.<\/p>\n<p>[\/et_pb_text][\/et_pb_column][\/et_pb_row][\/et_pb_section][et_pb_section fb_built=\u00bb1&#8243; _builder_version=\u00bb4.16&#8243; min_height=\u00bb488px\u00bb custom_padding=\u00bb3px||0px|||\u00bb global_colors_info=\u00bb{}\u00bb][et_pb_row column_structure=\u00bb1_3,1_3,1_3&#8243; _builder_version=\u00bb4.16&#8243; global_colors_info=\u00bb{}\u00bb][et_pb_column type=\u00bb1_3&#8243; _builder_version=\u00bb4.16&#8243; global_colors_info=\u00bb{}\u00bb][et_pb_image src=\u00bbhttps:\/\/www.eudistasmd.org\/wp-content\/uploads\/2024\/03\/Logo-corporacion-organizacion-el-minuto-de-dios.png\u00bb title_text=\u00bbLogo-corporacion-organizacion-el-minuto-de-dios\u00bb align=\u00bbcenter\u00bb _builder_version=\u00bb4.24.2&#8243; animation_style=\u00bbzoom\u00bb animation_direction=\u00bbtop\u00bb box_shadow_style=\u00bbpreset3&#8243; global_colors_info=\u00bb{}\u00bb][\/et_pb_image][et_pb_button button_url=\u00bbhttps:\/\/www.minutodedios.org\/\u00bb url_new_window=\u00bbon\u00bb button_text=\u00bbVisitar\u00bb button_alignment=\u00bbcenter\u00bb _builder_version=\u00bb4.24.2&#8243; custom_button=\u00bbon\u00bb button_text_size=\u00bb14px\u00bb button_text_color=\u00bb#ffffff\u00bb button_bg_color=\u00bb#e02b20&#8243; button_border_width=\u00bb0px\u00bb button_border_radius=\u00bb3px\u00bb button_font=\u00bb|600|||||||\u00bb custom_margin=\u00bb1px||||false|false\u00bb custom_padding=\u00bb10px|35px|10px|35px|true|true\u00bb animation_style=\u00bbfade\u00bb animation_direction=\u00bbright\u00bb locked=\u00bboff\u00bb global_colors_info=\u00bb{}\u00bb][\/et_pb_button][\/et_pb_column][et_pb_column type=\u00bb1_3&#8243; _builder_version=\u00bb4.24.2&#8243; _module_preset=\u00bbdefault\u00bb global_colors_info=\u00bb{}\u00bb][et_pb_image src=\u00bbhttps:\/\/www.eudistasmd.org\/wp-content\/uploads\/2020\/04\/logos-minuto-de-dios-para-eudistas_Corporacion-educativa-minuto-de-Dios.png\u00bb alt=\u00bblogos minuto de dios para eudistas_Corporacion educativa minuto de Dios\u00bb title_text=\u00bblogos minuto de dios para eudistas_Corporacion educativa minuto de Dios\u00bb align=\u00bbcenter\u00bb _builder_version=\u00bb4.24.2&#8243; animation_style=\u00bbzoom\u00bb animation_direction=\u00bbtop\u00bb box_shadow_style=\u00bbpreset3&#8243; global_colors_info=\u00bb{}\u00bb][\/et_pb_image][et_pb_button button_url=\u00bbhttp:\/\/www.colegiosminutodedios.edu.co\/cemid\/index.php\u00bb url_new_window=\u00bbon\u00bb button_text=\u00bbVisitar\u00bb button_alignment=\u00bbcenter\u00bb _builder_version=\u00bb4.16&#8243; custom_button=\u00bbon\u00bb button_text_size=\u00bb14px\u00bb button_text_color=\u00bb#ffffff\u00bb button_bg_color=\u00bb#e02b20&#8243; button_border_width=\u00bb0px\u00bb button_border_radius=\u00bb3px\u00bb button_font=\u00bb|600|||||||\u00bb custom_margin=\u00bb1px||||false|false\u00bb custom_padding=\u00bb10px|35px|10px|35px|true|true\u00bb animation_style=\u00bbfade\u00bb locked=\u00bboff\u00bb global_colors_info=\u00bb{}\u00bb][\/et_pb_button][\/et_pb_column][et_pb_column type=\u00bb1_3&#8243; _builder_version=\u00bb4.24.2&#8243; _module_preset=\u00bbdefault\u00bb global_colors_info=\u00bb{}\u00bb][et_pb_image src=\u00bbhttps:\/\/www.eudistasmd.org\/wp-content\/uploads\/2020\/04\/logos-minuto-de-dios-para-eudistas_Corporacion-Universitaria.png\u00bb alt=\u00bblogos minuto de dios para eudistas_Corporacion Universitaria\u00bb title_text=\u00bblogos minuto de dios para eudistas_Corporacion Universitaria\u00bb align=\u00bbcenter\u00bb _builder_version=\u00bb4.24.2&#8243; animation_style=\u00bbzoom\u00bb animation_direction=\u00bbtop\u00bb box_shadow_style=\u00bbpreset3&#8243; global_colors_info=\u00bb{}\u00bb][\/et_pb_image][et_pb_button button_url=\u00bbhttp:\/\/www.uniminuto.edu\/\u00bb url_new_window=\u00bbon\u00bb button_text=\u00bbVisitar\u00bb button_alignment=\u00bbcenter\u00bb _builder_version=\u00bb4.16&#8243; custom_button=\u00bbon\u00bb button_text_size=\u00bb14px\u00bb button_text_color=\u00bb#ffffff\u00bb button_bg_color=\u00bb#e02b20&#8243; button_border_width=\u00bb0px\u00bb button_border_radius=\u00bb3px\u00bb button_font=\u00bb|600|||||||\u00bb custom_margin=\u00bb1px||||false|false\u00bb custom_padding=\u00bb10px|35px|10px|35px|true|true\u00bb animation_style=\u00bbfade\u00bb locked=\u00bboff\u00bb global_colors_info=\u00bb{}\u00bb][\/et_pb_button][\/et_pb_column][\/et_pb_row][\/et_pb_section][et_pb_section fb_built=\u00bb1&#8243; _builder_version=\u00bb4.16&#8243; min_height=\u00bb560px\u00bb custom_padding=\u00bb||0px||false|false\u00bb box_shadow_style=\u00bbpreset1&#8243; box_shadow_blur=\u00bb7px\u00bb global_colors_info=\u00bb{}\u00bb][et_pb_row column_structure=\u00bb1_3,1_3,1_3&#8243; _builder_version=\u00bb4.16&#8243; global_colors_info=\u00bb{}\u00bb][et_pb_column type=\u00bb1_3&#8243; _builder_version=\u00bb4.16&#8243; global_colors_info=\u00bb{}\u00bb][et_pb_image src=\u00bbhttps:\/\/www.eudistasmd.org\/wp-content\/uploads\/2020\/04\/logos-minuto-de-dios-para-eudistas_Fundases.png\u00bb alt=\u00bblogos minuto de dios para eudistas_Fundases\u00bb title_text=\u00bblogos minuto de dios para eudistas_Fundases\u00bb align=\u00bbcenter\u00bb _builder_version=\u00bb4.24.2&#8243; animation_style=\u00bbzoom\u00bb animation_direction=\u00bbtop\u00bb box_shadow_style=\u00bbpreset3&#8243; global_colors_info=\u00bb{}\u00bb][\/et_pb_image][et_pb_button button_url=\u00bbhttps:\/\/www.fundases.net\/\u00bb url_new_window=\u00bbon\u00bb button_text=\u00bbVisitar\u00bb button_alignment=\u00bbcenter\u00bb _builder_version=\u00bb4.16&#8243; custom_button=\u00bbon\u00bb button_text_size=\u00bb14px\u00bb button_text_color=\u00bb#ffffff\u00bb button_bg_color=\u00bb#e02b20&#8243; button_border_width=\u00bb0px\u00bb button_border_radius=\u00bb3px\u00bb button_font=\u00bb|600|||||||\u00bb custom_margin=\u00bb1px||||false|false\u00bb custom_padding=\u00bb10px|35px|10px|35px|true|true\u00bb animation_style=\u00bbfade\u00bb locked=\u00bboff\u00bb global_colors_info=\u00bb{}\u00bb][\/et_pb_button][\/et_pb_column][et_pb_column type=\u00bb1_3&#8243; _builder_version=\u00bb4.16&#8243; global_colors_info=\u00bb{}\u00bb][et_pb_image src=\u00bbhttps:\/\/www.eudistasmd.org\/wp-content\/uploads\/2020\/04\/logos-minuto-de-dios-para-eudistas_Cooperativa-Minuto-de-Dios.png\u00bb alt=\u00bblogos minuto de dios para eudistas_Cooperativa Minuto de Dios\u00bb title_text=\u00bblogos minuto de dios para eudistas_Cooperativa Minuto de Dios\u00bb align=\u00bbcenter\u00bb _builder_version=\u00bb4.24.2&#8243; animation_style=\u00bbzoom\u00bb animation_direction=\u00bbtop\u00bb box_shadow_style=\u00bbpreset3&#8243; global_colors_info=\u00bb{}\u00bb][\/et_pb_image][et_pb_button button_url=\u00bbhttps:\/\/coopuniminuto.com\/\u00bb url_new_window=\u00bbon\u00bb button_text=\u00bbVisitar\u00bb button_alignment=\u00bbcenter\u00bb _builder_version=\u00bb4.16&#8243; custom_button=\u00bbon\u00bb button_text_size=\u00bb14px\u00bb button_text_color=\u00bb#ffffff\u00bb button_bg_color=\u00bb#e02b20&#8243; button_border_width=\u00bb0px\u00bb button_border_radius=\u00bb3px\u00bb button_font=\u00bb|600|||||||\u00bb custom_margin=\u00bb1px||||false|false\u00bb custom_padding=\u00bb10px|35px|10px|35px|true|true\u00bb animation_style=\u00bbfade\u00bb locked=\u00bboff\u00bb global_colors_info=\u00bb{}\u00bb][\/et_pb_button][\/et_pb_column][et_pb_column type=\u00bb1_3&#8243; _builder_version=\u00bb4.16&#8243; global_colors_info=\u00bb{}\u00bb][et_pb_image src=\u00bbhttps:\/\/www.eudistasmd.org\/wp-content\/uploads\/2024\/03\/Logo-minuto-de-dios-industrial.png\u00bb title_text=\u00bbLogo-minuto-de-dios-industrial\u00bb align=\u00bbcenter\u00bb _builder_version=\u00bb4.24.2&#8243; animation_style=\u00bbzoom\u00bb animation_direction=\u00bbtop\u00bb box_shadow_style=\u00bbpreset3&#8243; global_colors_info=\u00bb{}\u00bb][\/et_pb_image][et_pb_button button_url=\u00bbhttps:\/\/mdc.org.co\/\u00bb url_new_window=\u00bbon\u00bb button_text=\u00bbVisitar\u00bb button_alignment=\u00bbcenter\u00bb _builder_version=\u00bb4.16&#8243; custom_button=\u00bbon\u00bb button_text_size=\u00bb14px\u00bb button_text_color=\u00bb#ffffff\u00bb button_bg_color=\u00bb#e02b20&#8243; button_border_width=\u00bb0px\u00bb button_border_radius=\u00bb3px\u00bb button_font=\u00bb|600|||||||\u00bb custom_margin=\u00bb1px||||false|false\u00bb custom_padding=\u00bb10px|35px|10px|35px|true|true\u00bb animation_style=\u00bbfade\u00bb locked=\u00bboff\u00bb global_colors_info=\u00bb{}\u00bb][\/et_pb_button][\/et_pb_column][\/et_pb_row][\/et_pb_section][et_pb_section fb_built=\u00bb1&#8243; _builder_version=\u00bb4.16&#8243; min_height=\u00bb560px\u00bb custom_padding=\u00bb||0px||false|false\u00bb box_shadow_style=\u00bbpreset1&#8243; box_shadow_blur=\u00bb7px\u00bb global_colors_info=\u00bb{}\u00bb][et_pb_row column_structure=\u00bb1_3,1_3,1_3&#8243; _builder_version=\u00bb4.16&#8243; global_colors_info=\u00bb{}\u00bb][et_pb_column type=\u00bb1_3&#8243; _builder_version=\u00bb4.16&#8243; global_colors_info=\u00bb{}\u00bb][et_pb_image src=\u00bbhttps:\/\/www.eudistasmd.org\/wp-content\/uploads\/2024\/03\/Logo-centro-carismatico-minuto-de-dios.png\u00bb title_text=\u00bbLogo-centro-carismatico-minuto-de-dios\u00bb align=\u00bbcenter\u00bb _builder_version=\u00bb4.24.2&#8243; animation_style=\u00bbzoom\u00bb animation_direction=\u00bbtop\u00bb box_shadow_style=\u00bbpreset3&#8243; global_colors_info=\u00bb{}\u00bb][\/et_pb_image][et_pb_button button_url=\u00bbhttps:\/\/minutodedios.fm\/\u00bb url_new_window=\u00bbon\u00bb button_text=\u00bbVisitar\u00bb button_alignment=\u00bbcenter\u00bb _builder_version=\u00bb4.16&#8243; custom_button=\u00bbon\u00bb button_text_size=\u00bb14px\u00bb button_text_color=\u00bb#ffffff\u00bb button_bg_color=\u00bb#e02b20&#8243; button_border_width=\u00bb0px\u00bb button_border_radius=\u00bb3px\u00bb button_font=\u00bb|600|||||||\u00bb custom_margin=\u00bb1px||||false|false\u00bb custom_padding=\u00bb10px|35px|10px|35px|true|true\u00bb animation_style=\u00bbfade\u00bb locked=\u00bboff\u00bb global_colors_info=\u00bb{}\u00bb][\/et_pb_button][\/et_pb_column][et_pb_column type=\u00bb1_3&#8243; _builder_version=\u00bb4.16&#8243; global_colors_info=\u00bb{}\u00bb][et_pb_image src=\u00bbhttps:\/\/www.eudistasmd.org\/wp-content\/uploads\/2024\/03\/Logo-minuto-de-dios-tv.png\u00bb title_text=\u00bbLogo-minuto-de-dios-tv\u00bb align=\u00bbcenter\u00bb _builder_version=\u00bb4.24.2&#8243; animation_style=\u00bbzoom\u00bb animation_direction=\u00bbtop\u00bb box_shadow_style=\u00bbpreset3&#8243; global_colors_info=\u00bb{}\u00bb][\/et_pb_image][et_pb_button button_url=\u00bbhttps:\/\/www.lumencolombia.com\/\u00bb url_new_window=\u00bbon\u00bb button_text=\u00bbVisitar\u00bb button_alignment=\u00bbcenter\u00bb _builder_version=\u00bb4.24.2&#8243; custom_button=\u00bbon\u00bb button_text_size=\u00bb14px\u00bb button_text_color=\u00bb#ffffff\u00bb button_bg_color=\u00bb#e02b20&#8243; button_border_width=\u00bb0px\u00bb button_border_radius=\u00bb3px\u00bb button_font=\u00bb|600|||||||\u00bb custom_margin=\u00bb1px||||false|false\u00bb custom_padding=\u00bb10px|35px|10px|35px|true|true\u00bb animation_style=\u00bbfade\u00bb locked=\u00bboff\u00bb global_colors_info=\u00bb{}\u00bb][\/et_pb_button][\/et_pb_column][et_pb_column type=\u00bb1_3&#8243; _builder_version=\u00bb4.16&#8243; global_colors_info=\u00bb{}\u00bb][et_pb_image src=\u00bbhttps:\/\/www.eudistasmd.org\/wp-content\/uploads\/2024\/03\/Logo-tec-md.png\u00bb title_text=\u00bbLogo-tec-md\u00bb align=\u00bbcenter\u00bb _builder_version=\u00bb4.24.2&#8243; animation_style=\u00bbzoom\u00bb animation_direction=\u00bbtop\u00bb box_shadow_style=\u00bbpreset3&#8243; locked=\u00bboff\u00bb global_colors_info=\u00bb{}\u00bb][\/et_pb_image][et_pb_button button_url=\u00bbhttps:\/\/tecmd.edu.co\/\u00bb url_new_window=\u00bbon\u00bb button_text=\u00bbVisitar\u00bb button_alignment=\u00bbcenter\u00bb _builder_version=\u00bb4.24.2&#8243; custom_button=\u00bbon\u00bb button_text_size=\u00bb14px\u00bb button_text_color=\u00bb#ffffff\u00bb button_bg_color=\u00bb#e02b20&#8243; button_border_width=\u00bb0px\u00bb button_border_radius=\u00bb3px\u00bb button_font=\u00bb|600|||||||\u00bb custom_margin=\u00bb1px||||false|false\u00bb custom_padding=\u00bb10px|35px|10px|35px|true|true\u00bb animation_style=\u00bbfade\u00bb locked=\u00bboff\u00bb global_colors_info=\u00bb{}\u00bb][\/et_pb_button][\/et_pb_column][\/et_pb_row][\/et_pb_section]<\/p>\n","protected":false},"excerpt":{"rendered":"<p>El Minuto de DiosEl Minuto de Dios es una organizaci\u00f3n Cat\u00f3lica, sin \u00e1nimo de lucro, iniciada por el padre Rafael Garc\u00eda-Herreros a mediados del siglo XX en Colombia a partir de un breve programa radial y televisi\u00f3n, \u201cEl Minuto de Dios\u201d. El Minuto de Dios est\u00e1 comprometido en el Desarrollo Integral Sostenible de personas, comunidades [&hellip;]<\/p>\n","protected":false},"author":2,"featured_media":0,"parent":0,"menu_order":0,"comment_status":"closed","ping_status":"closed","template":"","meta":{"_et_pb_use_builder":"on","_et_pb_old_content":"","_et_gb_content_width":"","footnotes":""},"class_list":["post-651","page","type-page","status-publish","hentry"],"yoast_head":"<!-- This site is optimized with the Yoast SEO plugin v27.5 - https:\/\/yoast.com\/product\/yoast-seo-wordpress\/ -->\n<title>El Minuto de Dios - Eudistas MD<\/title>\n<meta name=\"robots\" content=\"index, follow, max-snippet:-1, max-image-preview:large, max-video-preview:-1\" \/>\n<link rel=\"canonical\" href=\"https:\/\/www.eudistasmd.org\/index.php\/el-minuto-de-dios\/\" \/>\n<meta property=\"og:locale\" content=\"es_ES\" \/>\n<meta property=\"og:type\" content=\"article\" \/>\n<meta property=\"og:title\" content=\"El Minuto de Dios - Eudistas MD\" \/>\n<meta property=\"og:description\" content=\"El Minuto de DiosEl Minuto de Dios es una organizaci\u00f3n Cat\u00f3lica, sin \u00e1nimo de lucro, iniciada por el padre Rafael Garc\u00eda-Herreros a mediados del siglo XX en Colombia a partir de un breve programa radial y televisi\u00f3n, \u201cEl Minuto de Dios\u201d. El Minuto de Dios est\u00e1 comprometido en el Desarrollo Integral Sostenible de personas, comunidades [&hellip;]\" \/>\n<meta property=\"og:url\" content=\"https:\/\/www.eudistasmd.org\/index.php\/el-minuto-de-dios\/\" \/>\n<meta property=\"og:site_name\" content=\"Eudistas MD\" \/>\n<meta property=\"article:modified_time\" content=\"2024-03-12T14:00:40+00:00\" \/>\n<meta name=\"twitter:card\" content=\"summary_large_image\" \/>\n<meta name=\"twitter:label1\" content=\"Tiempo de lectura\" \/>\n\t<meta name=\"twitter:data1\" content=\"3 minutos\" \/>\n<script type=\"application\/ld+json\" class=\"yoast-schema-graph\">{\"@context\":\"https:\\\/\\\/schema.org\",\"@graph\":[{\"@type\":\"WebPage\",\"@id\":\"https:\\\/\\\/www.eudistasmd.org\\\/index.php\\\/el-minuto-de-dios\\\/\",\"url\":\"https:\\\/\\\/www.eudistasmd.org\\\/index.php\\\/el-minuto-de-dios\\\/\",\"name\":\"El Minuto de Dios - Eudistas MD\",\"isPartOf\":{\"@id\":\"https:\\\/\\\/www.eudistasmd.org\\\/#website\"},\"datePublished\":\"2020-04-27T16:18:37+00:00\",\"dateModified\":\"2024-03-12T14:00:40+00:00\",\"breadcrumb\":{\"@id\":\"https:\\\/\\\/www.eudistasmd.org\\\/index.php\\\/el-minuto-de-dios\\\/#breadcrumb\"},\"inLanguage\":\"es\",\"potentialAction\":[{\"@type\":\"ReadAction\",\"target\":[\"https:\\\/\\\/www.eudistasmd.org\\\/index.php\\\/el-minuto-de-dios\\\/\"]}]},{\"@type\":\"BreadcrumbList\",\"@id\":\"https:\\\/\\\/www.eudistasmd.org\\\/index.php\\\/el-minuto-de-dios\\\/#breadcrumb\",\"itemListElement\":[{\"@type\":\"ListItem\",\"position\":1,\"name\":\"Portada\",\"item\":\"https:\\\/\\\/www.eudistasmd.org\\\/\"},{\"@type\":\"ListItem\",\"position\":2,\"name\":\"El Minuto de Dios\"}]},{\"@type\":\"WebSite\",\"@id\":\"https:\\\/\\\/www.eudistasmd.org\\\/#website\",\"url\":\"https:\\\/\\\/www.eudistasmd.org\\\/\",\"name\":\"Eudistas MD\",\"description\":\"Esta Provincia naci\u00f3 de la obra fundada por el padre eudista: Rafael Garc\u00eda Herreros. Este Don del Minuto de Dios ha sido encomendado a los los Eudistas del El Minuto de Dios, quienes se dedican a la Evangelizaci\u00f3n, la Formaci\u00f3n, y al servicio a los m\u00e1s pobres a trav\u00e9s de la Organizaci\u00f3n Minuto de Dios.\",\"potentialAction\":[{\"@type\":\"SearchAction\",\"target\":{\"@type\":\"EntryPoint\",\"urlTemplate\":\"https:\\\/\\\/www.eudistasmd.org\\\/?s={search_term_string}\"},\"query-input\":{\"@type\":\"PropertyValueSpecification\",\"valueRequired\":true,\"valueName\":\"search_term_string\"}}],\"inLanguage\":\"es\"}]}<\/script>\n<!-- \/ Yoast SEO plugin. -->","yoast_head_json":{"title":"El Minuto de Dios - Eudistas MD","robots":{"index":"index","follow":"follow","max-snippet":"max-snippet:-1","max-image-preview":"max-image-preview:large","max-video-preview":"max-video-preview:-1"},"canonical":"https:\/\/www.eudistasmd.org\/index.php\/el-minuto-de-dios\/","og_locale":"es_ES","og_type":"article","og_title":"El Minuto de Dios - Eudistas MD","og_description":"El Minuto de DiosEl Minuto de Dios es una organizaci\u00f3n Cat\u00f3lica, sin \u00e1nimo de lucro, iniciada por el padre Rafael Garc\u00eda-Herreros a mediados del siglo XX en Colombia a partir de un breve programa radial y televisi\u00f3n, \u201cEl Minuto de Dios\u201d. El Minuto de Dios est\u00e1 comprometido en el Desarrollo Integral Sostenible de personas, comunidades [&hellip;]","og_url":"https:\/\/www.eudistasmd.org\/index.php\/el-minuto-de-dios\/","og_site_name":"Eudistas MD","article_modified_time":"2024-03-12T14:00:40+00:00","twitter_card":"summary_large_image","twitter_misc":{"Tiempo de lectura":"3 minutos"},"schema":{"@context":"https:\/\/schema.org","@graph":[{"@type":"WebPage","@id":"https:\/\/www.eudistasmd.org\/index.php\/el-minuto-de-dios\/","url":"https:\/\/www.eudistasmd.org\/index.php\/el-minuto-de-dios\/","name":"El Minuto de Dios - Eudistas MD","isPartOf":{"@id":"https:\/\/www.eudistasmd.org\/#website"},"datePublished":"2020-04-27T16:18:37+00:00","dateModified":"2024-03-12T14:00:40+00:00","breadcrumb":{"@id":"https:\/\/www.eudistasmd.org\/index.php\/el-minuto-de-dios\/#breadcrumb"},"inLanguage":"es","potentialAction":[{"@type":"ReadAction","target":["https:\/\/www.eudistasmd.org\/index.php\/el-minuto-de-dios\/"]}]},{"@type":"BreadcrumbList","@id":"https:\/\/www.eudistasmd.org\/index.php\/el-minuto-de-dios\/#breadcrumb","itemListElement":[{"@type":"ListItem","position":1,"name":"Portada","item":"https:\/\/www.eudistasmd.org\/"},{"@type":"ListItem","position":2,"name":"El Minuto de Dios"}]},{"@type":"WebSite","@id":"https:\/\/www.eudistasmd.org\/#website","url":"https:\/\/www.eudistasmd.org\/","name":"Eudistas MD","description":"Esta Provincia naci\u00f3 de la obra fundada por el padre eudista: Rafael Garc\u00eda Herreros. Este Don del Minuto de Dios ha sido encomendado a los los Eudistas del El Minuto de Dios, quienes se dedican a la Evangelizaci\u00f3n, la Formaci\u00f3n, y al servicio a los m\u00e1s pobres a trav\u00e9s de la Organizaci\u00f3n Minuto de Dios.","potentialAction":[{"@type":"SearchAction","target":{"@type":"EntryPoint","urlTemplate":"https:\/\/www.eudistasmd.org\/?s={search_term_string}"},"query-input":{"@type":"PropertyValueSpecification","valueRequired":true,"valueName":"search_term_string"}}],"inLanguage":"es"}]}},"_links":{"self":[{"href":"https:\/\/www.eudistasmd.org\/index.php\/wp-json\/wp\/v2\/pages\/651","targetHints":{"allow":["GET"]}}],"collection":[{"href":"https:\/\/www.eudistasmd.org\/index.php\/wp-json\/wp\/v2\/pages"}],"about":[{"href":"https:\/\/www.eudistasmd.org\/index.php\/wp-json\/wp\/v2\/types\/page"}],"author":[{"embeddable":true,"href":"https:\/\/www.eudistasmd.org\/index.php\/wp-json\/wp\/v2\/users\/2"}],"replies":[{"embeddable":true,"href":"https:\/\/www.eudistasmd.org\/index.php\/wp-json\/wp\/v2\/comments?post=651"}],"version-history":[{"count":40,"href":"https:\/\/www.eudistasmd.org\/index.php\/wp-json\/wp\/v2\/pages\/651\/revisions"}],"predecessor-version":[{"id":5814,"href":"https:\/\/www.eudistasmd.org\/index.php\/wp-json\/wp\/v2\/pages\/651\/revisions\/5814"}],"wp:attachment":[{"href":"https:\/\/www.eudistasmd.org\/index.php\/wp-json\/wp\/v2\/media?parent=651"}],"curies":[{"name":"wp","href":"https:\/\/api.w.org\/{rel}","templated":true}]}}