{"id":3146,"date":"2021-02-10T14:37:20","date_gmt":"2021-02-10T19:37:20","guid":{"rendered":"https:\/\/www.eudistasmd.org\/?page_id=3146"},"modified":"2021-02-12T09:17:46","modified_gmt":"2021-02-12T14:17:46","slug":"actualidad-eudista","status":"publish","type":"page","link":"https:\/\/www.eudistasmd.org\/index.php\/actualidad-eudista\/","title":{"rendered":"Actualidad Eudista"},"content":{"rendered":"<p>[et_pb_section fb_built=\u00bb1&#8243; fullwidth=\u00bbon\u00bb _builder_version=\u00bb4.9.0&#8243; _module_preset=\u00bbdefault\u00bb box_shadow_style=\u00bbpreset2&#8243;][et_pb_fullwidth_post_slider posts_number=\u00bb3&#8243; include_categories=\u00bb13&#8243; excerpt_length=\u00bb100&#8243; show_meta=\u00bboff\u00bb bg_overlay_color=\u00bbrgba(0,0,0,0.49)\u00bb _builder_version=\u00bb4.9.0&#8243; _module_preset=\u00bbdefault\u00bb body_font_size=\u00bb18px\u00bb custom_button=\u00bbon\u00bb button_bg_color=\u00bb#E02B20&#8243; button_border_color=\u00bbRGBA(0,0,0,0)\u00bb button_icon=\u00bb%%24%%\u00bb box_shadow_style_button=\u00bbpreset1&#8243; custom_padding=\u00bb||305px|||\u00bb][\/et_pb_fullwidth_post_slider][\/et_pb_section][et_pb_section fb_built=\u00bb1&#8243; admin_label=\u00bbBlog\u00bb _builder_version=\u00bb3.22&#8243; background_color=\u00bb#f2f5f7&#8243; background_color_gradient_direction=\u00bb100deg\u00bb custom_margin=\u00bb|||\u00bb custom_padding=\u00bb91px||120px|||\u00bb][et_pb_row _builder_version=\u00bb4.4.8&#8243;][et_pb_column type=\u00bb4_4&#8243; _builder_version=\u00bb4.4.8&#8243;][et_pb_text _builder_version=\u00bb4.9.0&#8243; text_font_size=\u00bb35px\u00bb text_orientation=\u00bbcenter\u00bb custom_margin=\u00bb-33px|||||\u00bb hover_enabled=\u00bb0&#8243; text_text_color=\u00bb#0C71C3&#8243; sticky_enabled=\u00bb0&#8243;]<\/p>\n<p>ACTUALIDAD EUDISTA<\/p>\n<p>[\/et_pb_text][\/et_pb_column][\/et_pb_row][et_pb_row _builder_version=\u00bb3.25&#8243; custom_margin=\u00bb|||\u00bb][et_pb_column type=\u00bb4_4&#8243; _builder_version=\u00bb3.25&#8243; custom_padding=\u00bb|||\u00bb custom_padding__hover=\u00bb|||\u00bb][et_pb_blog fullwidth=\u00bboff\u00bb posts_number=\u00bb14&#8243; include_categories=\u00bb13&#8243; show_more=\u00bbon\u00bb _builder_version=\u00bb4.8.2&#8243; header_font=\u00bbActor||||||||\u00bb header_text_color=\u00bb#0c71c3&#8243; body_font=\u00bbNunito||||||||\u00bb body_font_size=\u00bb16px\u00bb body_line_height=\u00bb1.8em\u00bb meta_font=\u00bbNunito||||||||\u00bb meta_text_color=\u00bb#ff7c9d\u00bb animation_style=\u00bbzoom\u00bb animation_intensity_zoom=\u00bb10%\u00bb pagination_font_size_tablet=\u00bb51&#8243; pagination_line_height_tablet=\u00bb2&#8243; border_radii=\u00bbon|10px|10px|10px|10px\u00bb border_width_all=\u00bb0px\u00bb box_shadow_style=\u00bbpreset3&#8243; box_shadow_vertical=\u00bb20px\u00bb box_shadow_blur=\u00bb40px\u00bb box_shadow_color=\u00bbrgba(175,196,204,0.18)\u00bb]\u00a0<br \/>\n[\/et_pb_blog][\/et_pb_column][\/et_pb_row][\/et_pb_section]<\/p>\n","protected":false},"excerpt":{"rendered":"<p>ACTUALIDAD EUDISTA\u00a0<\/p>\n","protected":false},"author":2,"featured_media":0,"parent":0,"menu_order":0,"comment_status":"closed","ping_status":"closed","template":"","meta":{"_et_pb_use_builder":"on","_et_pb_old_content":"","_et_gb_content_width":"","footnotes":""},"class_list":["post-3146","page","type-page","status-publish","hentry"],"yoast_head":"<!-- This site is optimized with the Yoast SEO plugin v27.2 - https:\/\/yoast.com\/product\/yoast-seo-wordpress\/ -->\n<title>Actualidad Eudista - Eudistas MD<\/title>\n<meta name=\"robots\" content=\"index, follow, max-snippet:-1, max-image-preview:large, max-video-preview:-1\" \/>\n<link rel=\"canonical\" href=\"https:\/\/www.eudistasmd.org\/index.php\/actualidad-eudista\/\" \/>\n<meta property=\"og:locale\" content=\"es_ES\" \/>\n<meta property=\"og:type\" content=\"article\" \/>\n<meta property=\"og:title\" content=\"Actualidad Eudista - Eudistas MD\" \/>\n<meta property=\"og:description\" content=\"ACTUALIDAD EUDISTA\u00a0\" \/>\n<meta property=\"og:url\" content=\"https:\/\/www.eudistasmd.org\/index.php\/actualidad-eudista\/\" \/>\n<meta property=\"og:site_name\" content=\"Eudistas MD\" \/>\n<meta property=\"article:modified_time\" content=\"2021-02-12T14:17:46+00:00\" \/>\n<meta name=\"twitter:card\" content=\"summary_large_image\" \/>\n<meta name=\"twitter:label1\" content=\"Tiempo de lectura\" \/>\n\t<meta name=\"twitter:data1\" content=\"1 minuto\" \/>\n<script type=\"application\/ld+json\" class=\"yoast-schema-graph\">{\"@context\":\"https:\/\/schema.org\",\"@graph\":[{\"@type\":\"WebPage\",\"@id\":\"https:\/\/www.eudistasmd.org\/index.php\/actualidad-eudista\/\",\"url\":\"https:\/\/www.eudistasmd.org\/index.php\/actualidad-eudista\/\",\"name\":\"Actualidad Eudista - Eudistas MD\",\"isPartOf\":{\"@id\":\"https:\/\/www.eudistasmd.org\/#website\"},\"datePublished\":\"2021-02-10T19:37:20+00:00\",\"dateModified\":\"2021-02-12T14:17:46+00:00\",\"breadcrumb\":{\"@id\":\"https:\/\/www.eudistasmd.org\/index.php\/actualidad-eudista\/#breadcrumb\"},\"inLanguage\":\"es\",\"potentialAction\":[{\"@type\":\"ReadAction\",\"target\":[\"https:\/\/www.eudistasmd.org\/index.php\/actualidad-eudista\/\"]}]},{\"@type\":\"BreadcrumbList\",\"@id\":\"https:\/\/www.eudistasmd.org\/index.php\/actualidad-eudista\/#breadcrumb\",\"itemListElement\":[{\"@type\":\"ListItem\",\"position\":1,\"name\":\"Portada\",\"item\":\"https:\/\/www.eudistasmd.org\/\"},{\"@type\":\"ListItem\",\"position\":2,\"name\":\"Actualidad Eudista\"}]},{\"@type\":\"WebSite\",\"@id\":\"https:\/\/www.eudistasmd.org\/#website\",\"url\":\"https:\/\/www.eudistasmd.org\/\",\"name\":\"Eudistas MD\",\"description\":\"Esta Provincia naci\u00f3 de la obra fundada por el padre eudista: Rafael Garc\u00eda Herreros. Este Don del Minuto de Dios ha sido encomendado a los los Eudistas del El Minuto de Dios, quienes se dedican a la Evangelizaci\u00f3n, la Formaci\u00f3n, y al servicio a los m\u00e1s pobres a trav\u00e9s de la Organizaci\u00f3n Minuto de Dios.\",\"potentialAction\":[{\"@type\":\"SearchAction\",\"target\":{\"@type\":\"EntryPoint\",\"urlTemplate\":\"https:\/\/www.eudistasmd.org\/?s={search_term_string}\"},\"query-input\":{\"@type\":\"PropertyValueSpecification\",\"valueRequired\":true,\"valueName\":\"search_term_string\"}}],\"inLanguage\":\"es\"}]}<\/script>\n<!-- \/ Yoast SEO plugin. -->","yoast_head_json":{"title":"Actualidad Eudista - Eudistas MD","robots":{"index":"index","follow":"follow","max-snippet":"max-snippet:-1","max-image-preview":"max-image-preview:large","max-video-preview":"max-video-preview:-1"},"canonical":"https:\/\/www.eudistasmd.org\/index.php\/actualidad-eudista\/","og_locale":"es_ES","og_type":"article","og_title":"Actualidad Eudista - Eudistas MD","og_description":"ACTUALIDAD EUDISTA\u00a0","og_url":"https:\/\/www.eudistasmd.org\/index.php\/actualidad-eudista\/","og_site_name":"Eudistas MD","article_modified_time":"2021-02-12T14:17:46+00:00","twitter_card":"summary_large_image","twitter_misc":{"Tiempo de lectura":"1 minuto"},"schema":{"@context":"https:\/\/schema.org","@graph":[{"@type":"WebPage","@id":"https:\/\/www.eudistasmd.org\/index.php\/actualidad-eudista\/","url":"https:\/\/www.eudistasmd.org\/index.php\/actualidad-eudista\/","name":"Actualidad Eudista - Eudistas MD","isPartOf":{"@id":"https:\/\/www.eudistasmd.org\/#website"},"datePublished":"2021-02-10T19:37:20+00:00","dateModified":"2021-02-12T14:17:46+00:00","breadcrumb":{"@id":"https:\/\/www.eudistasmd.org\/index.php\/actualidad-eudista\/#breadcrumb"},"inLanguage":"es","potentialAction":[{"@type":"ReadAction","target":["https:\/\/www.eudistasmd.org\/index.php\/actualidad-eudista\/"]}]},{"@type":"BreadcrumbList","@id":"https:\/\/www.eudistasmd.org\/index.php\/actualidad-eudista\/#breadcrumb","itemListElement":[{"@type":"ListItem","position":1,"name":"Portada","item":"https:\/\/www.eudistasmd.org\/"},{"@type":"ListItem","position":2,"name":"Actualidad Eudista"}]},{"@type":"WebSite","@id":"https:\/\/www.eudistasmd.org\/#website","url":"https:\/\/www.eudistasmd.org\/","name":"Eudistas MD","description":"Esta Provincia naci\u00f3 de la obra fundada por el padre eudista: Rafael Garc\u00eda Herreros. Este Don del Minuto de Dios ha sido encomendado a los los Eudistas del El Minuto de Dios, quienes se dedican a la Evangelizaci\u00f3n, la Formaci\u00f3n, y al servicio a los m\u00e1s pobres a trav\u00e9s de la Organizaci\u00f3n Minuto de Dios.","potentialAction":[{"@type":"SearchAction","target":{"@type":"EntryPoint","urlTemplate":"https:\/\/www.eudistasmd.org\/?s={search_term_string}"},"query-input":{"@type":"PropertyValueSpecification","valueRequired":true,"valueName":"search_term_string"}}],"inLanguage":"es"}]}},"_links":{"self":[{"href":"https:\/\/www.eudistasmd.org\/index.php\/wp-json\/wp\/v2\/pages\/3146","targetHints":{"allow":["GET"]}}],"collection":[{"href":"https:\/\/www.eudistasmd.org\/index.php\/wp-json\/wp\/v2\/pages"}],"about":[{"href":"https:\/\/www.eudistasmd.org\/index.php\/wp-json\/wp\/v2\/types\/page"}],"author":[{"embeddable":true,"href":"https:\/\/www.eudistasmd.org\/index.php\/wp-json\/wp\/v2\/users\/2"}],"replies":[{"embeddable":true,"href":"https:\/\/www.eudistasmd.org\/index.php\/wp-json\/wp\/v2\/comments?post=3146"}],"version-history":[{"count":8,"href":"https:\/\/www.eudistasmd.org\/index.php\/wp-json\/wp\/v2\/pages\/3146\/revisions"}],"predecessor-version":[{"id":3288,"href":"https:\/\/www.eudistasmd.org\/index.php\/wp-json\/wp\/v2\/pages\/3146\/revisions\/3288"}],"wp:attachment":[{"href":"https:\/\/www.eudistasmd.org\/index.php\/wp-json\/wp\/v2\/media?parent=3146"}],"curies":[{"name":"wp","href":"https:\/\/api.w.org\/{rel}","templated":true}]}}